{"id":16546,"date":"2020-12-08T02:51:24","date_gmt":"2020-12-08T02:51:24","guid":{"rendered":"http:\/\/localhost\/wordpress\/jumys\/?post_type=product&#038;p=16546"},"modified":"2024-11-24T17:43:36","modified_gmt":"2024-11-24T16:43:36","slug":"snow-cone-sorbet","status":"publish","type":"product","link":"https:\/\/paperandsun.fr\/?product=snow-cone-sorbet","title":{"rendered":"Duo &#8220;D\u00e9so pour le retard&#8221;"},"content":{"rendered":"<p>Boules de No\u00ebl rondes iris\u00e9es de 6 cm de diam\u00e8tre propos\u00e9es sans emballage ou avec une petite bo\u00eete cadeau en papier holographique (couleur al\u00e9atoire en fonction du stock) faites main.<\/p>\n","protected":false},"excerpt":{"rendered":"<p>Duo de boules de no\u00ebl &#8220;D\u00e9so pour le retard&#8221; et &#8220;Je voulais pas venir&#8221; pour pimper son sapin ou sa d\u00e9coration de table !<\/p>\n<p>Possibilit\u00e9 de customiser les couleurs du texte et de demander une bo\u00eete cadeau faite main \u00e9galement (couleur al\u00e9atoire en fonction du stock).<\/p>\n<p>Merci de noter que les boules de No\u00ebl sont fabriqu\u00e9es \u00e0 la demande, <strong>un d\u00e9lai de quelques jours<\/strong> sera n\u00e9cessaire avant l&#8217;envoi de votre commande.<\/p>\n","protected":false},"featured_media":53742,"comment_status":"open","ping_status":"closed","template":"","meta":[],"product_brand":[],"product_cat":[145],"product_tag":[],"class_list":{"0":"post-16546","1":"product","2":"type-product","3":"status-publish","4":"has-post-thumbnail","6":"product_cat-boules","9":"first","10":"instock","11":"shipping-taxable","12":"purchasable","13":"product-type-variable"},"_links":{"self":[{"href":"https:\/\/paperandsun.fr\/index.php?rest_route=\/wp\/v2\/product\/16546","targetHints":{"allow":["GET"]}}],"collection":[{"href":"https:\/\/paperandsun.fr\/index.php?rest_route=\/wp\/v2\/product"}],"about":[{"href":"https:\/\/paperandsun.fr\/index.php?rest_route=\/wp\/v2\/types\/product"}],"replies":[{"embeddable":true,"href":"https:\/\/paperandsun.fr\/index.php?rest_route=%2Fwp%2Fv2%2Fcomments&post=16546"}],"wp:featuredmedia":[{"embeddable":true,"href":"https:\/\/paperandsun.fr\/index.php?rest_route=\/wp\/v2\/media\/53742"}],"wp:attachment":[{"href":"https:\/\/paperandsun.fr\/index.php?rest_route=%2Fwp%2Fv2%2Fmedia&parent=16546"}],"wp:term":[{"taxonomy":"product_brand","embeddable":true,"href":"https:\/\/paperandsun.fr\/index.php?rest_route=%2Fwp%2Fv2%2Fproduct_brand&post=16546"},{"taxonomy":"product_cat","embeddable":true,"href":"https:\/\/paperandsun.fr\/index.php?rest_route=%2Fwp%2Fv2%2Fproduct_cat&post=16546"},{"taxonomy":"product_tag","embeddable":true,"href":"https:\/\/paperandsun.fr\/index.php?rest_route=%2Fwp%2Fv2%2Fproduct_tag&post=16546"}],"curies":[{"name":"wp","href":"https:\/\/api.w.org\/{rel}","templated":true}]}}