{"id":53865,"date":"2024-11-24T18:14:37","date_gmt":"2024-11-24T17:14:37","guid":{"rendered":"https:\/\/paperandsun.fr\/?post_type=product&#038;p=53865"},"modified":"2024-11-24T18:31:41","modified_gmt":"2024-11-24T17:31:41","slug":"boule-de-noel-fete-plutot-noel-chez-toi","status":"publish","type":"product","link":"https:\/\/paperandsun.fr\/?product=boule-de-noel-fete-plutot-noel-chez-toi","title":{"rendered":"Boule de No\u00ebl &#8220;F\u00eate plut\u00f4t No\u00ebl chez toi&#8221;"},"content":{"rendered":"<p>Boules de No\u00ebl ronde iris\u00e9e de 6 cm de diam\u00e8tre propos\u00e9e sans emballage ou avec une petite bo\u00eete cadeau en papier holographique (couleur al\u00e9atoire en fonction du stock) faite main.<\/p>\n","protected":false},"excerpt":{"rendered":"<p>Boule de no\u00ebl &#8220;F\u00eate plut\u00f4t No\u00ebl chez toi&#8221; \u00e0 s&#8217;offrir ou \u00e0 offrir aux personnes que l&#8217;on n&#8217;a pas tr\u00e8s envie de voir \u00e0 sa table le jour du r\u00e9veillon.<\/p>\n<p>Possibilit\u00e9 de customiser les couleurs du texte et de demander une bo\u00eete cadeau faite main \u00e9galement (couleur al\u00e9atoire en fonction du stock).<\/p>\n<p>Merci de noter que les boules de No\u00ebl sont fabriqu\u00e9es \u00e0 la demande, <strong>un d\u00e9lai de quelques jours<\/strong> sera n\u00e9cessaire avant l&#8217;envoi de votre commande.<\/p>\n","protected":false},"featured_media":53765,"comment_status":"open","ping_status":"closed","template":"","meta":[],"product_brand":[],"product_cat":[145],"product_tag":[],"class_list":{"0":"post-53865","1":"product","2":"type-product","3":"status-publish","4":"has-post-thumbnail","6":"product_cat-boules","9":"first","10":"instock","11":"shipping-taxable","12":"purchasable","13":"product-type-variable"},"_links":{"self":[{"href":"https:\/\/paperandsun.fr\/index.php?rest_route=\/wp\/v2\/product\/53865","targetHints":{"allow":["GET"]}}],"collection":[{"href":"https:\/\/paperandsun.fr\/index.php?rest_route=\/wp\/v2\/product"}],"about":[{"href":"https:\/\/paperandsun.fr\/index.php?rest_route=\/wp\/v2\/types\/product"}],"replies":[{"embeddable":true,"href":"https:\/\/paperandsun.fr\/index.php?rest_route=%2Fwp%2Fv2%2Fcomments&post=53865"}],"wp:featuredmedia":[{"embeddable":true,"href":"https:\/\/paperandsun.fr\/index.php?rest_route=\/wp\/v2\/media\/53765"}],"wp:attachment":[{"href":"https:\/\/paperandsun.fr\/index.php?rest_route=%2Fwp%2Fv2%2Fmedia&parent=53865"}],"wp:term":[{"taxonomy":"product_brand","embeddable":true,"href":"https:\/\/paperandsun.fr\/index.php?rest_route=%2Fwp%2Fv2%2Fproduct_brand&post=53865"},{"taxonomy":"product_cat","embeddable":true,"href":"https:\/\/paperandsun.fr\/index.php?rest_route=%2Fwp%2Fv2%2Fproduct_cat&post=53865"},{"taxonomy":"product_tag","embeddable":true,"href":"https:\/\/paperandsun.fr\/index.php?rest_route=%2Fwp%2Fv2%2Fproduct_tag&post=53865"}],"curies":[{"name":"wp","href":"https:\/\/api.w.org\/{rel}","templated":true}]}}